{"id":48,"date":"2017-02-16T10:54:00","date_gmt":"2017-02-16T10:54:00","guid":{"rendered":"https:\/\/demo.pfz.pt\/empresa\/?page_id=48"},"modified":"2023-02-14T11:18:01","modified_gmt":"2023-02-14T11:18:01","slug":"servicos","status":"publish","type":"page","link":"https:\/\/www.faustinus.pt\/?page_id=48","title":{"rendered":"Servi\u00e7os"},"content":{"rendered":"<p>[et_pb_section fb_built=&#8221;1&#8243; fullwidth=&#8221;on&#8221; _builder_version=&#8221;4.16&#8243; locked=&#8221;off&#8221; global_colors_info=&#8221;{}&#8221;][et_pb_fullwidth_header title=&#8221;Servi\u00e7os&#8221; subhead=&#8221;OS NOSSOS SERVI\u00c7OS&#8221; _builder_version=&#8221;4.18.0&#8243; background_color=&#8221;#ffffff&#8221; background_image=&#8221;https:\/\/www.faustinus.pt\/novo\/wp-content\/uploads\/2023\/01\/sl6.jpg&#8221; custom_padding=&#8221;||151px|||&#8221; global_colors_info=&#8221;{}&#8221;][\/et_pb_fullwidth_header][\/et_pb_section][et_pb_section fb_built=&#8221;1&#8243; admin_label=&#8221;Services&#8221; _builder_version=&#8221;4.16&#8243; custom_padding=&#8221;0px||0px|||&#8221; locked=&#8221;off&#8221; global_colors_info=&#8221;{}&#8221;][et_pb_row _builder_version=&#8221;4.18.0&#8243; _module_preset=&#8221;default&#8221; custom_margin=&#8221;50px||20px||false|false&#8221; custom_padding=&#8221;||||false|false&#8221; global_colors_info=&#8221;{}&#8221;][et_pb_column type=&#8221;4_4&#8243; _builder_version=&#8221;4.18.0&#8243; _module_preset=&#8221;default&#8221; global_colors_info=&#8221;{}&#8221;][et_pb_text _builder_version=&#8221;4.18.0&#8243; _module_preset=&#8221;default&#8221; global_colors_info=&#8221;{}&#8221;]<\/p>\n<h1><strong>Servi\u00e7os<\/strong><\/h1>\n<p>[\/et_pb_text][et_pb_text _builder_version=&#8221;4.18.0&#8243; _module_preset=&#8221;default&#8221; global_colors_info=&#8221;{}&#8221;]<\/p>\n<p>Servi\u00e7os de Optometria, Contactologia e Terapia Visual<\/p>\n<p>Fazemos Exames de Retinografia e Medi\u00e7\u00e3o da tens\u00e3o ocular.<\/p>\n<p>[\/et_pb_text][\/et_pb_column][\/et_pb_row][et_pb_row column_structure=&#8221;1_3,1_3,1_3&#8243; use_custom_gutter=&#8221;on&#8221; gutter_width=&#8221;1&#8243; make_equal=&#8221;on&#8221; _builder_version=&#8221;4.18.0&#8243; custom_margin=&#8221;||6px&#8221; custom_padding=&#8221;0px||0px|||&#8221; border_color_all=&#8221;rgba(0,0,0,0)&#8221; global_colors_info=&#8221;{}&#8221;][et_pb_column type=&#8221;1_3&#8243; _builder_version=&#8221;4.16&#8243; background_color=&#8221;#f2f4fb&#8221; custom_padding=&#8221;40px|40px|40px|40px|true|true&#8221; border_width_all=&#8221;6px&#8221; border_color_all=&#8221;#ffffff&#8221; global_colors_info=&#8221;{}&#8221;][et_pb_image src=&#8221;https:\/\/www.faustinus.pt\/novo\/wp-content\/uploads\/2023\/01\/icon1.png&#8221; _builder_version=&#8221;4.18.0&#8243; custom_margin=&#8221;||30px&#8221; global_colors_info=&#8221;{}&#8221;][\/et_pb_image][et_pb_text _builder_version=&#8221;4.18.0&#8243; header_font=&#8221;||||||||&#8221; header_2_font=&#8221;||||||||&#8221; header_3_font=&#8221;|500|||||||&#8221; header_3_font_size_tablet=&#8221;20px&#8221; header_3_font_size_phone=&#8221;18px&#8221; header_3_font_size_last_edited=&#8221;on|phone&#8221; locked=&#8221;off&#8221; global_colors_info=&#8221;{}&#8221;]<\/p>\n<h3><strong>Optometria<\/strong><\/h3>\n<p>[\/et_pb_text][et_pb_text _builder_version=&#8221;4.18.0&#8243; text_font=&#8221;||||||||&#8221; locked=&#8221;off&#8221; global_colors_info=&#8221;{}&#8221;]<\/p>\n<p style=\"text-align: justify;\">O Optometrista \u00e9 um profissional licenciado que atrav\u00e9s da realiza\u00e7\u00e3o de exames optom\u00e9tricos pretende compensar altera\u00e7\u00f5es visuais. Prescreve lentes compensadoras adequadas a cada caso.<\/p>\n<p>[\/et_pb_text][\/et_pb_column][et_pb_column type=&#8221;1_3&#8243; _builder_version=&#8221;4.18.0&#8243; background_color=&#8221;#575756&#8243; custom_padding=&#8221;40px|40px|40px|40px|true|true&#8221; border_width_all=&#8221;6px&#8221; border_color_all=&#8221;#ffffff&#8221; global_colors_info=&#8221;{}&#8221;][et_pb_image src=&#8221;https:\/\/www.faustinus.pt\/novo\/wp-content\/uploads\/2023\/01\/icon2a.png&#8221; _builder_version=&#8221;4.18.0&#8243; custom_margin=&#8221;||30px&#8221; global_colors_info=&#8221;{}&#8221;][\/et_pb_image][et_pb_text _builder_version=&#8221;4.18.0&#8243; text_font=&#8221;||||||||&#8221; header_font=&#8221;||||||||&#8221; header_2_font=&#8221;||||||||&#8221; header_3_font=&#8221;|500|||||||&#8221; background_layout=&#8221;dark&#8221; header_3_font_size_tablet=&#8221;20px&#8221; header_3_font_size_phone=&#8221;18px&#8221; header_3_font_size_last_edited=&#8221;on|phone&#8221; locked=&#8221;off&#8221; global_colors_info=&#8221;{}&#8221;]<\/p>\n<h3><strong>Rastreio Visual<\/strong><\/h3>\n<p>[\/et_pb_text][et_pb_text _builder_version=&#8221;4.18.0&#8243; text_font=&#8221;||||||||&#8221; background_layout=&#8221;dark&#8221; locked=&#8221;off&#8221; global_colors_info=&#8221;{}&#8221;]<\/p>\n<p style=\"text-align: justify;\">Consiste numa avalia\u00e7\u00e3o r\u00e1pida e simples do estado refractivo do olho verificando a poss\u00edvel exist\u00eancia de patologias oculares. O Rastreio Visual deve ser repetido, pelo menos, de dois em dois anos.<\/p>\n<p>[\/et_pb_text][\/et_pb_column][et_pb_column type=&#8221;1_3&#8243; _builder_version=&#8221;4.18.0&#8243; background_color=&#8221;#1d1d1b&#8221; custom_padding=&#8221;40px|40px|40px|40px|true|true&#8221; border_width_all=&#8221;6px&#8221; border_color_all=&#8221;#ffffff&#8221; global_colors_info=&#8221;{}&#8221;][et_pb_image src=&#8221;https:\/\/www.faustinus.pt\/novo\/wp-content\/uploads\/2023\/01\/icon3.png&#8221; _builder_version=&#8221;4.18.0&#8243; custom_margin=&#8221;||30px&#8221; global_colors_info=&#8221;{}&#8221;][\/et_pb_image][et_pb_text _builder_version=&#8221;4.18.0&#8243; header_font=&#8221;||||||||&#8221; header_2_font=&#8221;||||||||&#8221; header_3_font=&#8221;|500|||||||&#8221; background_layout=&#8221;dark&#8221; header_3_font_size_tablet=&#8221;20px&#8221; header_3_font_size_phone=&#8221;18px&#8221; header_3_font_size_last_edited=&#8221;on|phone&#8221; locked=&#8221;off&#8221; global_colors_info=&#8221;{}&#8221;]<\/p>\n<h3><strong>Contactologia<\/strong><\/h3>\n<p>[\/et_pb_text][et_pb_text _builder_version=&#8221;4.18.0&#8243; text_font=&#8221;||||||||&#8221; background_layout=&#8221;dark&#8221; locked=&#8221;off&#8221; global_colors_info=&#8221;{}&#8221;]<\/p>\n<p style=\"text-align: justify;\">Cuida da adapta\u00e7\u00e3o das lentes de contacto ao olho. Atrav\u00e9s da selec\u00e7\u00e3o da melhor solu\u00e7\u00e3o individual pretende-se que o processo de adapta\u00e7\u00e3o do olho \u00e0s lentes de contacto seja natural e confort\u00e1vel.<\/p>\n<p>[\/et_pb_text][\/et_pb_column][\/et_pb_row][et_pb_row column_structure=&#8221;1_3,1_3,1_3&#8243; use_custom_gutter=&#8221;on&#8221; gutter_width=&#8221;1&#8243; make_equal=&#8221;on&#8221; _builder_version=&#8221;4.18.0&#8243; custom_margin=&#8221;||50px||false|false&#8221; custom_padding=&#8221;||||false|false&#8221; hover_enabled=&#8221;0&#8243; border_color_all=&#8221;rgba(0,0,0,0)&#8221; global_colors_info=&#8221;{}&#8221; sticky_enabled=&#8221;0&#8243;][et_pb_column type=&#8221;1_3&#8243; _builder_version=&#8221;4.16&#8243; background_color=&#8221;#f2f4fb&#8221; custom_padding=&#8221;40px|40px|40px|40px|true|true&#8221; border_width_all=&#8221;6px&#8221; border_color_all=&#8221;#ffffff&#8221; global_colors_info=&#8221;{}&#8221;][et_pb_image src=&#8221;https:\/\/www.faustinus.pt\/novo\/wp-content\/uploads\/2023\/01\/icon4a.png&#8221; _builder_version=&#8221;4.18.0&#8243; custom_margin=&#8221;||30px&#8221; global_colors_info=&#8221;{}&#8221;][\/et_pb_image][et_pb_text _builder_version=&#8221;4.18.0&#8243; header_font=&#8221;||||||||&#8221; header_2_font=&#8221;||||||||&#8221; header_3_font=&#8221;|500|||||||&#8221; header_3_font_size_tablet=&#8221;20px&#8221; header_3_font_size_phone=&#8221;18px&#8221; header_3_font_size_last_edited=&#8221;on|phone&#8221; locked=&#8221;off&#8221; global_colors_info=&#8221;{}&#8221;]<\/p>\n<h3><strong>Exames Visuais<\/strong><\/h3>\n<p>[\/et_pb_text][et_pb_text _builder_version=&#8221;4.18.0&#8243; text_font=&#8221;||||||||&#8221; locked=&#8221;off&#8221; global_colors_info=&#8221;{}&#8221;]<\/p>\n<p style=\"text-align: justify;\">A Retinografia \u00e9 um exame que ajuda a detectar poss\u00edveis problemas no fundo do olho, auxiliando o diagn\u00f3stico de potenciais doen\u00e7as.<br \/>A Tonometria \u00e9 um exame que pretende medir a press\u00e3o intra-ocular.<\/p>\n<p>[\/et_pb_text][\/et_pb_column][et_pb_column type=&#8221;1_3&#8243; _builder_version=&#8221;4.18.0&#8243; custom_padding=&#8221;40px|40px|40px|40px|true|true&#8221; hover_enabled=&#8221;0&#8243; border_width_all=&#8221;6px&#8221; border_color_all=&#8221;#ffffff&#8221; global_colors_info=&#8221;{}&#8221; background_enable_color=&#8221;off&#8221; sticky_enabled=&#8221;0&#8243;][\/et_pb_column][et_pb_column type=&#8221;1_3&#8243; _builder_version=&#8221;4.18.0&#8243; background_color=&#8221;#FFFFFF&#8221; custom_padding=&#8221;40px|40px|40px|40px|true|true&#8221; border_width_all=&#8221;6px&#8221; border_color_all=&#8221;#ffffff&#8221; global_colors_info=&#8221;{}&#8221;][\/et_pb_column][\/et_pb_row][\/et_pb_section]<\/p>\n","protected":false},"excerpt":{"rendered":"<p>Servi\u00e7osServi\u00e7os de Optometria, Contactologia e Terapia Visual Fazemos Exames de Retinografia e Medi\u00e7\u00e3o da tens\u00e3o ocular.OptometriaO Optometrista \u00e9 um profissional licenciado que atrav\u00e9s da realiza\u00e7\u00e3o de exames optom\u00e9tricos pretende compensar altera\u00e7\u00f5es visuais. Prescreve lentes compensadoras adequadas a cada caso.Rastreio VisualConsiste numa avalia\u00e7\u00e3o r\u00e1pida e simples do estado refractivo do olho verificando a poss\u00edvel exist\u00eancia de [&hellip;]<\/p>\n","protected":false},"author":1,"featured_media":0,"parent":0,"menu_order":0,"comment_status":"closed","ping_status":"closed","template":"","meta":{"_et_pb_use_builder":"on","_et_pb_old_content":"","_et_gb_content_width":"","footnotes":""},"class_list":["post-48","page","type-page","status-publish","hentry"],"_links":{"self":[{"href":"https:\/\/www.faustinus.pt\/index.php?rest_route=\/wp\/v2\/pages\/48","targetHints":{"allow":["GET"]}}],"collection":[{"href":"https:\/\/www.faustinus.pt\/index.php?rest_route=\/wp\/v2\/pages"}],"about":[{"href":"https:\/\/www.faustinus.pt\/index.php?rest_route=\/wp\/v2\/types\/page"}],"author":[{"embeddable":true,"href":"https:\/\/www.faustinus.pt\/index.php?rest_route=\/wp\/v2\/users\/1"}],"replies":[{"embeddable":true,"href":"https:\/\/www.faustinus.pt\/index.php?rest_route=%2Fwp%2Fv2%2Fcomments&post=48"}],"version-history":[{"count":21,"href":"https:\/\/www.faustinus.pt\/index.php?rest_route=\/wp\/v2\/pages\/48\/revisions"}],"predecessor-version":[{"id":958,"href":"https:\/\/www.faustinus.pt\/index.php?rest_route=\/wp\/v2\/pages\/48\/revisions\/958"}],"wp:attachment":[{"href":"https:\/\/www.faustinus.pt\/index.php?rest_route=%2Fwp%2Fv2%2Fmedia&parent=48"}],"curies":[{"name":"wp","href":"https:\/\/api.w.org\/{rel}","templated":true}]}}